{"id":2208,"date":"2024-11-09T15:49:40","date_gmt":"2024-11-09T12:49:40","guid":{"rendered":"https:\/\/www.beratarikan.com.tr\/?page_id=2208"},"modified":"2024-11-09T15:51:27","modified_gmt":"2024-11-09T12:51:27","slug":"referans","status":"publish","type":"page","link":"https:\/\/www.beratarikan.com.tr\/index.php\/referans\/","title":{"rendered":"Referans"},"content":{"rendered":"\t\t<div data-elementor-type=\"wp-page\" data-elementor-id=\"2208\" class=\"elementor elementor-2208\" data-elementor-post-type=\"page\">\n\t\t\t\t<div class=\"elementor-element elementor-element-563bc619 e-flex e-con-boxed e-con e-parent\" data-id=\"563bc619\" data-element_type=\"container\" data-settings=\"{&quot;background_background&quot;:&quot;classic&quot;}\">\n\t\t\t\t\t<div class=\"e-con-inner\">\n\t\t\t\t<div class=\"elementor-element elementor-element-10024d7e elementor-widget elementor-widget-heading\" data-id=\"10024d7e\" data-element_type=\"widget\" data-widget_type=\"heading.default\">\n\t\t\t\t<div class=\"elementor-widget-container\">\n\t\t\t<h2 class=\"elementor-heading-title elementor-size-default\">Profesyonel \u00c7\u00f6z\u00fcmlerle Yan\u0131n\u0131zday\u0131z!<\/h2>\t\t<\/div>\n\t\t\t\t<\/div>\n\t\t\t\t<div class=\"elementor-element elementor-element-6e70b591 elementor-widget elementor-widget-text-editor\" data-id=\"6e70b591\" data-element_type=\"widget\" data-widget_type=\"text-editor.default\">\n\t\t\t\t<div class=\"elementor-widget-container\">\n\t\t\t\t\t\t\t<h6><strong><img class=\"size-full wp-image-2143 aligncenter\" data-data-src=\"https:\/\/www.beratarikan.com.tr\/wp-content\/uploads\/2024\/11\/cropped-logoberat.png\" alt=\"\" width=\"182\" height=\"62\" \/><\/strong><\/h6><p>Beratarikan.com.tr olarak sistem a\u011flar\u0131, Network,web hizmetleri, WordPress, DevOps, SQL ve Windows Server kurulumlar\u0131 gibi alanlarda profesyonel \u00e7\u00f6z\u00fcmler sunuyoruz. \u0130htiya\u00e7lar\u0131n\u0131z\u0131 kar\u015f\u0131lamak ve dijital d\u00fcnyada g\u00fc\u00e7l\u00fc ad\u0131mlar atman\u0131z i\u00e7in yan\u0131n\u0131zday\u0131z. Her zaman bize ula\u015fabilir, uzman deste\u011fi alabilirsiniz<\/p>\t\t\t\t\t\t<\/div>\n\t\t\t\t<\/div>\n\t\t\t\t<div class=\"elementor-element elementor-element-5ab0e9a5 elementor-widget elementor-widget-image-carousel\" data-id=\"5ab0e9a5\" data-element_type=\"widget\" data-settings=\"{&quot;slides_to_show&quot;:&quot;6&quot;,&quot;slides_to_show_tablet&quot;:&quot;4&quot;,&quot;navigation&quot;:&quot;none&quot;,&quot;pause_on_hover&quot;:&quot;no&quot;,&quot;pause_on_interaction&quot;:&quot;no&quot;,&quot;image_spacing_custom&quot;:{&quot;unit&quot;:&quot;px&quot;,&quot;size&quot;:&quot;55&quot;,&quot;sizes&quot;:[]},&quot;slides_to_scroll_tablet&quot;:&quot;1&quot;,&quot;autoplay&quot;:&quot;yes&quot;,&quot;autoplay_speed&quot;:5000,&quot;infinite&quot;:&quot;yes&quot;,&quot;speed&quot;:500,&quot;image_spacing_custom_tablet&quot;:{&quot;unit&quot;:&quot;px&quot;,&quot;size&quot;:&quot;&quot;,&quot;sizes&quot;:[]},&quot;image_spacing_custom_mobile&quot;:{&quot;unit&quot;:&quot;px&quot;,&quot;size&quot;:&quot;&quot;,&quot;sizes&quot;:[]}}\" data-widget_type=\"image-carousel.default\">\n\t\t\t\t<div class=\"elementor-widget-container\">\n\t\t\t\t\t<div class=\"elementor-image-carousel-wrapper swiper\" dir=\"ltr\">\n\t\t\t<div class=\"elementor-image-carousel swiper-wrapper\" aria-live=\"off\">\n\t\t\t\t\t\t\t\t<div class=\"swiper-slide\" role=\"group\" aria-roledescription=\"slide\" aria-label=\"1 \/ 9\"><figure class=\"swiper-slide-inner\"><img class=\"swiper-slide-image\" data-src=\"https:\/\/www.beratarikan.com.tr\/wp-content\/uploads\/2024\/11\/yeni-vmware.png\" alt=\"yeni-vmware\" \/><\/figure><\/div><div class=\"swiper-slide\" role=\"group\" aria-roledescription=\"slide\" aria-label=\"2 \/ 9\"><figure class=\"swiper-slide-inner\"><img class=\"swiper-slide-image\" data-src=\"https:\/\/www.beratarikan.com.tr\/wp-content\/uploads\/2024\/11\/yeni-huawei.png\" alt=\"yeni-huawei\" \/><\/figure><\/div><div class=\"swiper-slide\" role=\"group\" aria-roledescription=\"slide\" aria-label=\"3 \/ 9\"><figure class=\"swiper-slide-inner\"><img class=\"swiper-slide-image\" data-src=\"https:\/\/www.beratarikan.com.tr\/wp-content\/uploads\/2024\/11\/dell-buyuk.png\" alt=\"dell-buyuk\" \/><\/figure><\/div><div class=\"swiper-slide\" role=\"group\" aria-roledescription=\"slide\" aria-label=\"4 \/ 9\"><figure class=\"swiper-slide-inner\"><img class=\"swiper-slide-image\" data-src=\"https:\/\/www.beratarikan.com.tr\/wp-content\/uploads\/2024\/11\/yeni-veeaam.png\" alt=\"yeni-veeaam\" \/><\/figure><\/div><div class=\"swiper-slide\" role=\"group\" aria-roledescription=\"slide\" aria-label=\"5 \/ 9\"><figure class=\"swiper-slide-inner\"><img class=\"swiper-slide-image\" data-src=\"https:\/\/www.beratarikan.com.tr\/wp-content\/uploads\/2024\/11\/yeni-cisco.png\" alt=\"yeni-cisco\" \/><\/figure><\/div><div class=\"swiper-slide\" role=\"group\" aria-roledescription=\"slide\" aria-label=\"6 \/ 9\"><figure class=\"swiper-slide-inner\"><img class=\"swiper-slide-image\" data-src=\"https:\/\/www.beratarikan.com.tr\/wp-content\/uploads\/2024\/11\/yeni-hpe.png\" alt=\"yeni-hpe\" \/><\/figure><\/div><div class=\"swiper-slide\" role=\"group\" aria-roledescription=\"slide\" aria-label=\"7 \/ 9\"><figure class=\"swiper-slide-inner\"><img class=\"swiper-slide-image\" data-src=\"https:\/\/www.beratarikan.com.tr\/wp-content\/uploads\/2024\/11\/yeni-aruba.png\" alt=\"yeni-aruba\" \/><\/figure><\/div><div class=\"swiper-slide\" role=\"group\" aria-roledescription=\"slide\" aria-label=\"8 \/ 9\"><figure class=\"swiper-slide-inner\"><img class=\"swiper-slide-image\" data-src=\"https:\/\/www.beratarikan.com.tr\/wp-content\/uploads\/2024\/11\/yeni-trend.png\" alt=\"yeni-trend\" \/><\/figure><\/div><div class=\"swiper-slide\" role=\"group\" aria-roledescription=\"slide\" aria-label=\"9 \/ 9\"><figure class=\"swiper-slide-inner\"><img class=\"swiper-slide-image\" data-src=\"https:\/\/www.beratarikan.com.tr\/wp-content\/uploads\/2024\/11\/yeni-microsoft.png\" alt=\"yeni-microsoft\" \/><\/figure><\/div>\t\t\t<\/div>\n\t\t\t\t\t\t\t\n\t\t\t\t\t\t\t\t\t<\/div>\n\t\t\t\t<\/div>\n\t\t\t\t<\/div>\n\t\t\t\t\t<\/div>\n\t\t\t\t<\/div>\n\t\t\t\t<\/div>\n\t\t","protected":false},"excerpt":{"rendered":"<p>Profesyonel \u00c7\u00f6z\u00fcmlerle Yan\u0131n\u0131zday\u0131z! Beratarikan.com.tr olarak sistem a\u011flar\u0131, Network,web hizmetleri, WordPress, DevOps, SQL ve Windows Server kurulumlar\u0131 gibi alanlarda profesyonel \u00e7\u00f6z\u00fcmler sunuyoruz. \u0130htiya\u00e7lar\u0131n\u0131z\u0131 kar\u015f\u0131lamak ve dijital d\u00fcnyada g\u00fc\u00e7l\u00fc ad\u0131mlar atman\u0131z i\u00e7in yan\u0131n\u0131zday\u0131z. Her zaman bize ula\u015fabilir, uzman deste\u011fi alabilirsiniz<\/p>\n","protected":false},"author":1,"featured_media":2143,"parent":0,"menu_order":0,"comment_status":"closed","ping_status":"closed","template":"","meta":{"footnotes":""},"class_list":["post-2208","page","type-page","status-publish","has-post-thumbnail","hentry"],"yoast_head":"<!-- This site is optimized with the Yoast SEO Premium plugin v23.7 (Yoast SEO v23.7) - https:\/\/yoast.com\/wordpress\/plugins\/seo\/ -->\n<title>Referans - Berat ARIKAN<\/title>\n<meta name=\"robots\" content=\"index, follow, max-snippet:-1, max-image-preview:large, max-video-preview:-1\" \/>\n<link rel=\"canonical\" href=\"https:\/\/www.beratarikan.com.tr\/index.php\/referans\/\" \/>\n<meta property=\"og:locale\" content=\"tr_TR\" \/>\n<meta property=\"og:type\" content=\"article\" \/>\n<meta property=\"og:title\" content=\"Referans\" \/>\n<meta property=\"og:description\" content=\"Profesyonel \u00c7\u00f6z\u00fcmlerle Yan\u0131n\u0131zday\u0131z! Beratarikan.com.tr olarak sistem a\u011flar\u0131, Network,web hizmetleri, WordPress, DevOps, SQL ve Windows Server kurulumlar\u0131 gibi alanlarda profesyonel \u00e7\u00f6z\u00fcmler sunuyoruz. \u0130htiya\u00e7lar\u0131n\u0131z\u0131 kar\u015f\u0131lamak ve dijital d\u00fcnyada g\u00fc\u00e7l\u00fc ad\u0131mlar atman\u0131z i\u00e7in yan\u0131n\u0131zday\u0131z. Her zaman bize ula\u015fabilir, uzman deste\u011fi alabilirsiniz\" \/>\n<meta property=\"og:url\" content=\"https:\/\/www.beratarikan.com.tr\/index.php\/referans\/\" \/>\n<meta property=\"og:site_name\" content=\"Berat ARIKAN\" \/>\n<meta property=\"article:modified_time\" content=\"2024-11-09T12:51:27+00:00\" \/>\n<meta property=\"og:image\" content=\"https:\/\/www.beratarikan.com.tr\/wp-content\/uploads\/2024\/11\/cropped-logoberat.png\" \/>\n\t<meta property=\"og:image:width\" content=\"182\" \/>\n\t<meta property=\"og:image:height\" content=\"62\" \/>\n\t<meta property=\"og:image:type\" content=\"image\/png\" \/>\n<meta name=\"twitter:card\" content=\"summary_large_image\" \/>\n<meta name=\"twitter:label1\" content=\"Tahmini okuma s\u00fcresi\" \/>\n\t<meta name=\"twitter:data1\" content=\"5 dakika\" \/>\n<script type=\"application\/ld+json\" class=\"yoast-schema-graph\">{\"@context\":\"https:\/\/schema.org\",\"@graph\":[{\"@type\":\"WebPage\",\"@id\":\"https:\/\/www.beratarikan.com.tr\/index.php\/referans\/\",\"url\":\"https:\/\/www.beratarikan.com.tr\/index.php\/referans\/\",\"name\":\"Referans - Berat ARIKAN\",\"isPartOf\":{\"@id\":\"https:\/\/www.beratarikan.com.tr\/#website\"},\"primaryImageOfPage\":{\"@id\":\"https:\/\/www.beratarikan.com.tr\/index.php\/referans\/#primaryimage\"},\"image\":{\"@id\":\"https:\/\/www.beratarikan.com.tr\/index.php\/referans\/#primaryimage\"},\"thumbnailUrl\":\"https:\/\/www.beratarikan.com.tr\/wp-content\/uploads\/2024\/11\/cropped-logoberat.png\",\"datePublished\":\"2024-11-09T12:49:40+00:00\",\"dateModified\":\"2024-11-09T12:51:27+00:00\",\"breadcrumb\":{\"@id\":\"https:\/\/www.beratarikan.com.tr\/index.php\/referans\/#breadcrumb\"},\"inLanguage\":\"tr\",\"potentialAction\":[{\"@type\":\"ReadAction\",\"target\":[\"https:\/\/www.beratarikan.com.tr\/index.php\/referans\/\"]}]},{\"@type\":\"ImageObject\",\"inLanguage\":\"tr\",\"@id\":\"https:\/\/www.beratarikan.com.tr\/index.php\/referans\/#primaryimage\",\"url\":\"https:\/\/www.beratarikan.com.tr\/wp-content\/uploads\/2024\/11\/cropped-logoberat.png\",\"contentUrl\":\"https:\/\/www.beratarikan.com.tr\/wp-content\/uploads\/2024\/11\/cropped-logoberat.png\",\"width\":182,\"height\":62},{\"@type\":\"BreadcrumbList\",\"@id\":\"https:\/\/www.beratarikan.com.tr\/index.php\/referans\/#breadcrumb\",\"itemListElement\":[{\"@type\":\"ListItem\",\"position\":1,\"name\":\"Ana Sayfa\",\"item\":\"https:\/\/www.beratarikan.com.tr\/\"},{\"@type\":\"ListItem\",\"position\":2,\"name\":\"Referans\"}]},{\"@type\":\"WebSite\",\"@id\":\"https:\/\/www.beratarikan.com.tr\/#website\",\"url\":\"https:\/\/www.beratarikan.com.tr\/\",\"name\":\"Berat ARIKAN\",\"description\":\"Sistem Network Y\u00f6neticisi, Sistem Network Dan\u0131\u015fman\u0131, CyberTurkey Bilgi Teknolojileri\",\"publisher\":{\"@id\":\"https:\/\/www.beratarikan.com.tr\/#\/schema\/person\/eac1fe0ed03fd8823a3d4e510cde7e75\"},\"potentialAction\":[{\"@type\":\"SearchAction\",\"target\":{\"@type\":\"EntryPoint\",\"urlTemplate\":\"https:\/\/www.beratarikan.com.tr\/?s={search_term_string}\"},\"query-input\":{\"@type\":\"PropertyValueSpecification\",\"valueRequired\":true,\"valueName\":\"search_term_string\"}}],\"inLanguage\":\"tr\"},{\"@type\":[\"Person\",\"Organization\"],\"@id\":\"https:\/\/www.beratarikan.com.tr\/#\/schema\/person\/eac1fe0ed03fd8823a3d4e510cde7e75\",\"name\":\"berat.arikan\",\"image\":{\"@type\":\"ImageObject\",\"inLanguage\":\"tr\",\"@id\":\"https:\/\/www.beratarikan.com.tr\/#\/schema\/person\/image\/\",\"url\":\"https:\/\/www.beratarikan.com.tr\/wp-content\/uploads\/2024\/11\/cropped-logoberat.png\",\"contentUrl\":\"https:\/\/www.beratarikan.com.tr\/wp-content\/uploads\/2024\/11\/cropped-logoberat.png\",\"width\":182,\"height\":62,\"caption\":\"berat.arikan\"},\"logo\":{\"@id\":\"https:\/\/www.beratarikan.com.tr\/#\/schema\/person\/image\/\"},\"sameAs\":[\"https:\/\/www.beratarikan.com.tr\"],\"ownershipFundingInfo\":\"https:\/\/www.beratarikan.com.tr\/index.php\/danismanlik\/\"}]}<\/script>\n<!-- \/ Yoast SEO Premium plugin. -->","yoast_head_json":{"title":"Referans - Berat ARIKAN","robots":{"index":"index","follow":"follow","max-snippet":"max-snippet:-1","max-image-preview":"max-image-preview:large","max-video-preview":"max-video-preview:-1"},"canonical":"https:\/\/www.beratarikan.com.tr\/index.php\/referans\/","og_locale":"tr_TR","og_type":"article","og_title":"Referans","og_description":"Profesyonel \u00c7\u00f6z\u00fcmlerle Yan\u0131n\u0131zday\u0131z! Beratarikan.com.tr olarak sistem a\u011flar\u0131, Network,web hizmetleri, WordPress, DevOps, SQL ve Windows Server kurulumlar\u0131 gibi alanlarda profesyonel \u00e7\u00f6z\u00fcmler sunuyoruz. \u0130htiya\u00e7lar\u0131n\u0131z\u0131 kar\u015f\u0131lamak ve dijital d\u00fcnyada g\u00fc\u00e7l\u00fc ad\u0131mlar atman\u0131z i\u00e7in yan\u0131n\u0131zday\u0131z. Her zaman bize ula\u015fabilir, uzman deste\u011fi alabilirsiniz","og_url":"https:\/\/www.beratarikan.com.tr\/index.php\/referans\/","og_site_name":"Berat ARIKAN","article_modified_time":"2024-11-09T12:51:27+00:00","og_image":[{"width":182,"height":62,"url":"https:\/\/www.beratarikan.com.tr\/wp-content\/uploads\/2024\/11\/cropped-logoberat.png","type":"image\/png"}],"twitter_card":"summary_large_image","twitter_misc":{"Tahmini okuma s\u00fcresi":"5 dakika"},"schema":{"@context":"https:\/\/schema.org","@graph":[{"@type":"WebPage","@id":"https:\/\/www.beratarikan.com.tr\/index.php\/referans\/","url":"https:\/\/www.beratarikan.com.tr\/index.php\/referans\/","name":"Referans - Berat ARIKAN","isPartOf":{"@id":"https:\/\/www.beratarikan.com.tr\/#website"},"primaryImageOfPage":{"@id":"https:\/\/www.beratarikan.com.tr\/index.php\/referans\/#primaryimage"},"image":{"@id":"https:\/\/www.beratarikan.com.tr\/index.php\/referans\/#primaryimage"},"thumbnailUrl":"https:\/\/www.beratarikan.com.tr\/wp-content\/uploads\/2024\/11\/cropped-logoberat.png","datePublished":"2024-11-09T12:49:40+00:00","dateModified":"2024-11-09T12:51:27+00:00","breadcrumb":{"@id":"https:\/\/www.beratarikan.com.tr\/index.php\/referans\/#breadcrumb"},"inLanguage":"tr","potentialAction":[{"@type":"ReadAction","target":["https:\/\/www.beratarikan.com.tr\/index.php\/referans\/"]}]},{"@type":"ImageObject","inLanguage":"tr","@id":"https:\/\/www.beratarikan.com.tr\/index.php\/referans\/#primaryimage","url":"https:\/\/www.beratarikan.com.tr\/wp-content\/uploads\/2024\/11\/cropped-logoberat.png","contentUrl":"https:\/\/www.beratarikan.com.tr\/wp-content\/uploads\/2024\/11\/cropped-logoberat.png","width":182,"height":62},{"@type":"BreadcrumbList","@id":"https:\/\/www.beratarikan.com.tr\/index.php\/referans\/#breadcrumb","itemListElement":[{"@type":"ListItem","position":1,"name":"Ana Sayfa","item":"https:\/\/www.beratarikan.com.tr\/"},{"@type":"ListItem","position":2,"name":"Referans"}]},{"@type":"WebSite","@id":"https:\/\/www.beratarikan.com.tr\/#website","url":"https:\/\/www.beratarikan.com.tr\/","name":"Berat ARIKAN","description":"Sistem Network Y\u00f6neticisi, Sistem Network Dan\u0131\u015fman\u0131, CyberTurkey Bilgi Teknolojileri","publisher":{"@id":"https:\/\/www.beratarikan.com.tr\/#\/schema\/person\/eac1fe0ed03fd8823a3d4e510cde7e75"},"potentialAction":[{"@type":"SearchAction","target":{"@type":"EntryPoint","urlTemplate":"https:\/\/www.beratarikan.com.tr\/?s={search_term_string}"},"query-input":{"@type":"PropertyValueSpecification","valueRequired":true,"valueName":"search_term_string"}}],"inLanguage":"tr"},{"@type":["Person","Organization"],"@id":"https:\/\/www.beratarikan.com.tr\/#\/schema\/person\/eac1fe0ed03fd8823a3d4e510cde7e75","name":"berat.arikan","image":{"@type":"ImageObject","inLanguage":"tr","@id":"https:\/\/www.beratarikan.com.tr\/#\/schema\/person\/image\/","url":"https:\/\/www.beratarikan.com.tr\/wp-content\/uploads\/2024\/11\/cropped-logoberat.png","contentUrl":"https:\/\/www.beratarikan.com.tr\/wp-content\/uploads\/2024\/11\/cropped-logoberat.png","width":182,"height":62,"caption":"berat.arikan"},"logo":{"@id":"https:\/\/www.beratarikan.com.tr\/#\/schema\/person\/image\/"},"sameAs":["https:\/\/www.beratarikan.com.tr"],"ownershipFundingInfo":"https:\/\/www.beratarikan.com.tr\/index.php\/danismanlik\/"}]}},"_links":{"self":[{"href":"https:\/\/www.beratarikan.com.tr\/index.php\/wp-json\/wp\/v2\/pages\/2208","targetHints":{"allow":["GET"]}}],"collection":[{"href":"https:\/\/www.beratarikan.com.tr\/index.php\/wp-json\/wp\/v2\/pages"}],"about":[{"href":"https:\/\/www.beratarikan.com.tr\/index.php\/wp-json\/wp\/v2\/types\/page"}],"author":[{"embeddable":true,"href":"https:\/\/www.beratarikan.com.tr\/index.php\/wp-json\/wp\/v2\/users\/1"}],"replies":[{"embeddable":true,"href":"https:\/\/www.beratarikan.com.tr\/index.php\/wp-json\/wp\/v2\/comments?post=2208"}],"version-history":[{"count":11,"href":"https:\/\/www.beratarikan.com.tr\/index.php\/wp-json\/wp\/v2\/pages\/2208\/revisions"}],"predecessor-version":[{"id":2235,"href":"https:\/\/www.beratarikan.com.tr\/index.php\/wp-json\/wp\/v2\/pages\/2208\/revisions\/2235"}],"wp:featuredmedia":[{"embeddable":true,"href":"https:\/\/www.beratarikan.com.tr\/index.php\/wp-json\/wp\/v2\/media\/2143"}],"wp:attachment":[{"href":"https:\/\/www.beratarikan.com.tr\/index.php\/wp-json\/wp\/v2\/media?parent=2208"}],"curies":[{"name":"wp","href":"https:\/\/api.w.org\/{rel}","templated":true}]}}