{"id":669,"date":"2020-11-11T17:49:41","date_gmt":"2020-11-11T17:49:41","guid":{"rendered":"http:\/\/localhost\/garibun\/?page_id=669"},"modified":"2020-11-11T17:49:41","modified_gmt":"2020-11-11T17:49:41","slug":"home-8","status":"publish","type":"page","link":"https:\/\/www.beratarikan.com.tr\/index.php\/home-8\/","title":{"rendered":"Home 8"},"content":{"rendered":"<p><!-- slider-section\n\t\t\t================================================== --><\/p>\n<section>\n<ul>\n<li>\n                                <a href=\"http:\/\/fabric-lab.co\/garibun\/2020\/11\/08\/european-challenge-comes-up-short-on-opening-day\/\"><img data-src=\"http:\/\/fabric-lab.co\/aigen-demo\/wp-content\/uploads\/sites\/35\/2020\/11\/89.jpg\" alt=\"\"><\/a><\/p>\n<h2><a href=\"http:\/\/fabric-lab.co\/garibun\/2020\/11\/08\/european-challenge-comes-up-short-on-opening-day\/\">European challenge comes up short on opening day<\/a><\/h2>\n<\/li>\n<li>\n                                <a href=\"http:\/\/fabric-lab.co\/garibun\/2020\/11\/08\/by-naturalists-campaigners-artisans-and-more\/\"><img data-src=\"http:\/\/fabric-lab.co\/aigen-demo\/wp-content\/uploads\/sites\/35\/2020\/11\/16.jpg\" alt=\"\"><\/a><\/p>\n<h2><a href=\"http:\/\/fabric-lab.co\/garibun\/2020\/11\/08\/by-naturalists-campaigners-artisans-and-more\/\">By naturalists, campaigners, artisans and more<\/a><\/h2>\n<\/li>\n<li>\n                                <a href=\"http:\/\/fabric-lab.co\/garibun\/2020\/11\/08\/how-do-i-make-gluten-free-bajram-cake\/\"><img data-src=\"http:\/\/fabric-lab.co\/aigen-demo\/wp-content\/uploads\/sites\/35\/2020\/11\/88.jpg\" alt=\"\"><\/a><\/p>\n<h2><a href=\"http:\/\/fabric-lab.co\/garibun\/2020\/11\/08\/how-do-i-make-gluten-free-bajram-cake\/\">How do I make gluten-free Bajram cake?<\/a><\/h2>\n<\/li>\n<\/ul>\n<p><a href=\"#\"><\/a><\/p>\n<p><a href=\"#\"><br \/>\n<\/a><a href=\"#\"><\/a><br \/>\n<a href=\"#\"><br \/>\n<!-- Generator: Adobe Illustrator 23.0.5, SVG Export Plug-In . SVG Version: 6.00 Build 0)  --><\/a><\/p>\n<p><a href=\"#\"><br \/>\n<\/a><a href=\"#\"><\/a><br \/>\n<\/section>\n<p>    <!-- End slider section --><br \/>\n<!-- recent-section\n\t\t================================================== --><\/p>\n<section>\n            <a href=\"http:\/\/fabric-lab.co\/garibun\/2020\/11\/08\/roglic-poised-to-retain-crown-despite-carapaz-attack\/\"><br \/>\n<img data-src=\"http:\/\/fabric-lab.co\/aigen-demo\/wp-content\/uploads\/sites\/35\/2020\/11\/51.jpg\" alt=\"\"><br \/>\n<\/a><\/p>\n<ul>\n<li><a href=\"http:\/\/fabric-lab.co\/garibun\/2020\/11\/08\/roglic-poised-to-retain-crown-despite-carapaz-attack\/#respond\"><br \/>\n0 Comments            <\/a><\/li>\n<li>\n                <a href=\"http:\/\/fabric-lab.co\/garibun\/author\/fabriclab\/\" title=\"FabricLab\"><br \/>\nFabricLab                <\/a><\/li>\n<\/ul>\n<h3><a href=\"http:\/\/fabric-lab.co\/garibun\/2020\/11\/08\/roglic-poised-to-retain-crown-despite-carapaz-attack\/\">Roglic poised to retain crown despite Carapaz attack<\/a><\/h3>\n<p>Lorem ipsum dolor sit amet, consectetur adipiscing elit. Vivamus dapibus, lorem a aliquam vulputate, ligula libero suscipit ipsum, a accumsan orci eros sit amet lacus. Cras fermentum fringilla erat&#8230;.<\/p>\n<p><a href=\"http:\/\/fabric-lab.co\/garibun\/2020\/11\/08\/roglic-poised-to-retain-crown-despite-carapaz-attack\/\">read more<\/a><br \/>\n<a href=\"http:\/\/fabric-lab.co\/garibun\/2020\/11\/08\/your-guide-to-digital-cultural-events-in-the-us\/\"><br \/>\n<img data-src=\"http:\/\/fabric-lab.co\/aigen-demo\/wp-content\/uploads\/sites\/35\/2020\/11\/41.jpg\" alt=\"\"><br \/>\n<\/a><\/p>\n<ul>\n<li><a href=\"http:\/\/fabric-lab.co\/garibun\/2020\/11\/08\/your-guide-to-digital-cultural-events-in-the-us\/#respond\"><br \/>\n0 Comments            <\/a><\/li>\n<li>\n                <a href=\"http:\/\/fabric-lab.co\/garibun\/author\/fabriclab\/\" title=\"FabricLab\"><br \/>\nFabricLab                <\/a><\/li>\n<\/ul>\n<h3><a href=\"http:\/\/fabric-lab.co\/garibun\/2020\/11\/08\/your-guide-to-digital-cultural-events-in-the-us\/\">Your guide to digital cultural events in the US<\/a><\/h3>\n<p>Lorem ipsum dolor sit amet, consectetur adipiscing elit. Vivamus dapibus, lorem a aliquam vulputate, ligula libero suscipit ipsum, a accumsan orci eros sit amet lacus. Cras fermentum fringilla erat&#8230;.<\/p>\n<p><a href=\"http:\/\/fabric-lab.co\/garibun\/2020\/11\/08\/your-guide-to-digital-cultural-events-in-the-us\/\">read more<\/a><br \/>\n<a href=\"http:\/\/fabric-lab.co\/garibun\/2020\/11\/08\/its-reawakened-something-creative-ambitions-for-lockdown-2\/\"><br \/>\n<img data-src=\"http:\/\/fabric-lab.co\/aigen-demo\/wp-content\/uploads\/sites\/35\/2020\/11\/1.jpg\" alt=\"\"><br \/>\n<\/a><\/p>\n<ul>\n<li><a href=\"http:\/\/fabric-lab.co\/garibun\/2020\/11\/08\/its-reawakened-something-creative-ambitions-for-lockdown-2\/#respond\"><br \/>\n0 Comments            <\/a><\/li>\n<li>\n                <a href=\"http:\/\/fabric-lab.co\/garibun\/author\/fabriclab\/\" title=\"FabricLab\"><br \/>\nFabricLab                <\/a><\/li>\n<\/ul>\n<h3><a href=\"http:\/\/fabric-lab.co\/garibun\/2020\/11\/08\/its-reawakened-something-creative-ambitions-for-lockdown-2\/\">&#8216;It&#8217;s reawakened something&#8217;: creative ambitions for lockdown 2<\/a><\/h3>\n<p>Lorem ipsum dolor sit amet, consectetur adipiscing elit. Vivamus dapibus, lorem a aliquam vulputate, ligula libero suscipit ipsum, a accumsan orci eros sit amet lacus. Cras fermentum fringilla erat&#8230;.<\/p>\n<p><a href=\"http:\/\/fabric-lab.co\/garibun\/2020\/11\/08\/its-reawakened-something-creative-ambitions-for-lockdown-2\/\">read more<\/a><br \/>\n<\/section>\n<p>\t\t<!-- End recent section --><\/p>\n","protected":false},"excerpt":{"rendered":"<p>European challenge comes up short on opening day By naturalists, campaigners, artisans and more How do I make gluten-free Bajram cake? 0 Comments FabricLab Roglic poised to retain crown despite Carapaz attack Lorem ipsum dolor sit amet, consectetur adipiscing elit. Vivamus dapibus, lorem a aliquam vulputate, ligula libero suscipit ipsum, a accumsan orci eros sit <\/p>\n","protected":false},"author":1,"featured_media":0,"parent":0,"menu_order":0,"comment_status":"closed","ping_status":"closed","template":"garibun-template.php","meta":{"footnotes":""},"class_list":["post-669","page","type-page","status-publish","hentry"],"yoast_head":"<!-- This site is optimized with the Yoast SEO Premium plugin v23.7 (Yoast SEO v23.7) - https:\/\/yoast.com\/wordpress\/plugins\/seo\/ -->\n<title>Home 8 - Berat ARIKAN<\/title>\n<meta name=\"robots\" content=\"index, follow, max-snippet:-1, max-image-preview:large, max-video-preview:-1\" \/>\n<link rel=\"canonical\" href=\"https:\/\/www.beratarikan.com.tr\/index.php\/home-8\/\" \/>\n<meta property=\"og:locale\" content=\"tr_TR\" \/>\n<meta property=\"og:type\" content=\"article\" \/>\n<meta property=\"og:title\" content=\"Home 8\" \/>\n<meta property=\"og:description\" content=\"European challenge comes up short on opening day By naturalists, campaigners, artisans and more How do I make gluten-free Bajram cake? 0 Comments FabricLab Roglic poised to retain crown despite Carapaz attack Lorem ipsum dolor sit amet, consectetur adipiscing elit. Vivamus dapibus, lorem a aliquam vulputate, ligula libero suscipit ipsum, a accumsan orci eros sit\" \/>\n<meta property=\"og:url\" content=\"https:\/\/www.beratarikan.com.tr\/index.php\/home-8\/\" \/>\n<meta property=\"og:site_name\" content=\"Berat ARIKAN\" \/>\n<meta property=\"og:image\" content=\"http:\/\/fabric-lab.co\/aigen-demo\/wp-content\/uploads\/sites\/35\/2020\/11\/89.jpg\" \/>\n<meta name=\"twitter:card\" content=\"summary_large_image\" \/>\n<meta name=\"twitter:label1\" content=\"Tahmini okuma s\u00fcresi\" \/>\n\t<meta name=\"twitter:data1\" content=\"1 dakika\" \/>\n<script type=\"application\/ld+json\" class=\"yoast-schema-graph\">{\"@context\":\"https:\/\/schema.org\",\"@graph\":[{\"@type\":\"WebPage\",\"@id\":\"https:\/\/www.beratarikan.com.tr\/index.php\/home-8\/\",\"url\":\"https:\/\/www.beratarikan.com.tr\/index.php\/home-8\/\",\"name\":\"Home 8 - Berat ARIKAN\",\"isPartOf\":{\"@id\":\"https:\/\/www.beratarikan.com.tr\/#website\"},\"primaryImageOfPage\":{\"@id\":\"https:\/\/www.beratarikan.com.tr\/index.php\/home-8\/#primaryimage\"},\"image\":{\"@id\":\"https:\/\/www.beratarikan.com.tr\/index.php\/home-8\/#primaryimage\"},\"thumbnailUrl\":\"http:\/\/fabric-lab.co\/aigen-demo\/wp-content\/uploads\/sites\/35\/2020\/11\/89.jpg\",\"datePublished\":\"2020-11-11T17:49:41+00:00\",\"dateModified\":\"2020-11-11T17:49:41+00:00\",\"breadcrumb\":{\"@id\":\"https:\/\/www.beratarikan.com.tr\/index.php\/home-8\/#breadcrumb\"},\"inLanguage\":\"tr\",\"potentialAction\":[{\"@type\":\"ReadAction\",\"target\":[\"https:\/\/www.beratarikan.com.tr\/index.php\/home-8\/\"]}]},{\"@type\":\"ImageObject\",\"inLanguage\":\"tr\",\"@id\":\"https:\/\/www.beratarikan.com.tr\/index.php\/home-8\/#primaryimage\",\"url\":\"http:\/\/fabric-lab.co\/aigen-demo\/wp-content\/uploads\/sites\/35\/2020\/11\/89.jpg\",\"contentUrl\":\"http:\/\/fabric-lab.co\/aigen-demo\/wp-content\/uploads\/sites\/35\/2020\/11\/89.jpg\"},{\"@type\":\"BreadcrumbList\",\"@id\":\"https:\/\/www.beratarikan.com.tr\/index.php\/home-8\/#breadcrumb\",\"itemListElement\":[{\"@type\":\"ListItem\",\"position\":1,\"name\":\"Ana Sayfa\",\"item\":\"https:\/\/www.beratarikan.com.tr\/\"},{\"@type\":\"ListItem\",\"position\":2,\"name\":\"Home 8\"}]},{\"@type\":\"WebSite\",\"@id\":\"https:\/\/www.beratarikan.com.tr\/#website\",\"url\":\"https:\/\/www.beratarikan.com.tr\/\",\"name\":\"Berat ARIKAN\",\"description\":\"Sistem Network Y\u00f6neticisi, Sistem Network Dan\u0131\u015fman\u0131, CyberTurkey Bilgi Teknolojileri\",\"publisher\":{\"@id\":\"https:\/\/www.beratarikan.com.tr\/#\/schema\/person\/eac1fe0ed03fd8823a3d4e510cde7e75\"},\"potentialAction\":[{\"@type\":\"SearchAction\",\"target\":{\"@type\":\"EntryPoint\",\"urlTemplate\":\"https:\/\/www.beratarikan.com.tr\/?s={search_term_string}\"},\"query-input\":{\"@type\":\"PropertyValueSpecification\",\"valueRequired\":true,\"valueName\":\"search_term_string\"}}],\"inLanguage\":\"tr\"},{\"@type\":[\"Person\",\"Organization\"],\"@id\":\"https:\/\/www.beratarikan.com.tr\/#\/schema\/person\/eac1fe0ed03fd8823a3d4e510cde7e75\",\"name\":\"berat.arikan\",\"image\":{\"@type\":\"ImageObject\",\"inLanguage\":\"tr\",\"@id\":\"https:\/\/www.beratarikan.com.tr\/#\/schema\/person\/image\/\",\"url\":\"https:\/\/www.beratarikan.com.tr\/wp-content\/uploads\/2024\/11\/cropped-logoberat.png\",\"contentUrl\":\"https:\/\/www.beratarikan.com.tr\/wp-content\/uploads\/2024\/11\/cropped-logoberat.png\",\"width\":182,\"height\":62,\"caption\":\"berat.arikan\"},\"logo\":{\"@id\":\"https:\/\/www.beratarikan.com.tr\/#\/schema\/person\/image\/\"},\"sameAs\":[\"https:\/\/www.beratarikan.com.tr\"],\"ownershipFundingInfo\":\"https:\/\/www.beratarikan.com.tr\/index.php\/danismanlik\/\"}]}<\/script>\n<!-- \/ Yoast SEO Premium plugin. -->","yoast_head_json":{"title":"Home 8 - Berat ARIKAN","robots":{"index":"index","follow":"follow","max-snippet":"max-snippet:-1","max-image-preview":"max-image-preview:large","max-video-preview":"max-video-preview:-1"},"canonical":"https:\/\/www.beratarikan.com.tr\/index.php\/home-8\/","og_locale":"tr_TR","og_type":"article","og_title":"Home 8","og_description":"European challenge comes up short on opening day By naturalists, campaigners, artisans and more How do I make gluten-free Bajram cake? 0 Comments FabricLab Roglic poised to retain crown despite Carapaz attack Lorem ipsum dolor sit amet, consectetur adipiscing elit. Vivamus dapibus, lorem a aliquam vulputate, ligula libero suscipit ipsum, a accumsan orci eros sit","og_url":"https:\/\/www.beratarikan.com.tr\/index.php\/home-8\/","og_site_name":"Berat ARIKAN","og_image":[{"url":"http:\/\/fabric-lab.co\/aigen-demo\/wp-content\/uploads\/sites\/35\/2020\/11\/89.jpg"}],"twitter_card":"summary_large_image","twitter_misc":{"Tahmini okuma s\u00fcresi":"1 dakika"},"schema":{"@context":"https:\/\/schema.org","@graph":[{"@type":"WebPage","@id":"https:\/\/www.beratarikan.com.tr\/index.php\/home-8\/","url":"https:\/\/www.beratarikan.com.tr\/index.php\/home-8\/","name":"Home 8 - Berat ARIKAN","isPartOf":{"@id":"https:\/\/www.beratarikan.com.tr\/#website"},"primaryImageOfPage":{"@id":"https:\/\/www.beratarikan.com.tr\/index.php\/home-8\/#primaryimage"},"image":{"@id":"https:\/\/www.beratarikan.com.tr\/index.php\/home-8\/#primaryimage"},"thumbnailUrl":"http:\/\/fabric-lab.co\/aigen-demo\/wp-content\/uploads\/sites\/35\/2020\/11\/89.jpg","datePublished":"2020-11-11T17:49:41+00:00","dateModified":"2020-11-11T17:49:41+00:00","breadcrumb":{"@id":"https:\/\/www.beratarikan.com.tr\/index.php\/home-8\/#breadcrumb"},"inLanguage":"tr","potentialAction":[{"@type":"ReadAction","target":["https:\/\/www.beratarikan.com.tr\/index.php\/home-8\/"]}]},{"@type":"ImageObject","inLanguage":"tr","@id":"https:\/\/www.beratarikan.com.tr\/index.php\/home-8\/#primaryimage","url":"http:\/\/fabric-lab.co\/aigen-demo\/wp-content\/uploads\/sites\/35\/2020\/11\/89.jpg","contentUrl":"http:\/\/fabric-lab.co\/aigen-demo\/wp-content\/uploads\/sites\/35\/2020\/11\/89.jpg"},{"@type":"BreadcrumbList","@id":"https:\/\/www.beratarikan.com.tr\/index.php\/home-8\/#breadcrumb","itemListElement":[{"@type":"ListItem","position":1,"name":"Ana Sayfa","item":"https:\/\/www.beratarikan.com.tr\/"},{"@type":"ListItem","position":2,"name":"Home 8"}]},{"@type":"WebSite","@id":"https:\/\/www.beratarikan.com.tr\/#website","url":"https:\/\/www.beratarikan.com.tr\/","name":"Berat ARIKAN","description":"Sistem Network Y\u00f6neticisi, Sistem Network Dan\u0131\u015fman\u0131, CyberTurkey Bilgi Teknolojileri","publisher":{"@id":"https:\/\/www.beratarikan.com.tr\/#\/schema\/person\/eac1fe0ed03fd8823a3d4e510cde7e75"},"potentialAction":[{"@type":"SearchAction","target":{"@type":"EntryPoint","urlTemplate":"https:\/\/www.beratarikan.com.tr\/?s={search_term_string}"},"query-input":{"@type":"PropertyValueSpecification","valueRequired":true,"valueName":"search_term_string"}}],"inLanguage":"tr"},{"@type":["Person","Organization"],"@id":"https:\/\/www.beratarikan.com.tr\/#\/schema\/person\/eac1fe0ed03fd8823a3d4e510cde7e75","name":"berat.arikan","image":{"@type":"ImageObject","inLanguage":"tr","@id":"https:\/\/www.beratarikan.com.tr\/#\/schema\/person\/image\/","url":"https:\/\/www.beratarikan.com.tr\/wp-content\/uploads\/2024\/11\/cropped-logoberat.png","contentUrl":"https:\/\/www.beratarikan.com.tr\/wp-content\/uploads\/2024\/11\/cropped-logoberat.png","width":182,"height":62,"caption":"berat.arikan"},"logo":{"@id":"https:\/\/www.beratarikan.com.tr\/#\/schema\/person\/image\/"},"sameAs":["https:\/\/www.beratarikan.com.tr"],"ownershipFundingInfo":"https:\/\/www.beratarikan.com.tr\/index.php\/danismanlik\/"}]}},"_links":{"self":[{"href":"https:\/\/www.beratarikan.com.tr\/index.php\/wp-json\/wp\/v2\/pages\/669","targetHints":{"allow":["GET"]}}],"collection":[{"href":"https:\/\/www.beratarikan.com.tr\/index.php\/wp-json\/wp\/v2\/pages"}],"about":[{"href":"https:\/\/www.beratarikan.com.tr\/index.php\/wp-json\/wp\/v2\/types\/page"}],"author":[{"embeddable":true,"href":"https:\/\/www.beratarikan.com.tr\/index.php\/wp-json\/wp\/v2\/users\/1"}],"replies":[{"embeddable":true,"href":"https:\/\/www.beratarikan.com.tr\/index.php\/wp-json\/wp\/v2\/comments?post=669"}],"version-history":[{"count":0,"href":"https:\/\/www.beratarikan.com.tr\/index.php\/wp-json\/wp\/v2\/pages\/669\/revisions"}],"wp:attachment":[{"href":"https:\/\/www.beratarikan.com.tr\/index.php\/wp-json\/wp\/v2\/media?parent=669"}],"curies":[{"name":"wp","href":"https:\/\/api.w.org\/{rel}","templated":true}]}}